{"id":5410,"date":"2022-01-10T15:19:24","date_gmt":"2022-01-10T15:19:24","guid":{"rendered":"https:\/\/paracerrajeros.com\/?post_type=product&#038;p=5410"},"modified":"2026-04-28T04:39:32","modified_gmt":"2026-04-28T04:39:32","slug":"extractor-bombines-universal","status":"publish","type":"product","link":"https:\/\/paracerrajeros.com\/index.php\/product\/extractor-bombines-universal\/","title":{"rendered":"Extractor Bombines universal"},"content":{"rendered":"<h6>El extractor de bombines es una de las herramientas por excelencia de cualquier cerrajero profesional.<\/h6>\n<h6>Con este extractor profesional se puede extraer f\u00e1cilmente todos los tipos de cilindros de bloqueo, independientemente si se trata de un cilindro de perfil europeo, redondo u ovalado.<\/h6>\n<h5>El extractor de bombines campana est\u00e1 fabricado de acero alem\u00e1n de primera calidad.<\/h5>\n<p align=\"left\">-Permite la extracci\u00f3n de cilindros de perfil europeo, redondos y ovalados de forma f\u00e1cil y sin problemas.<\/p>\n<p>-La Campana-Sheike permite la apertura muy r\u00e1pida de puertas sin causar da\u00f1o en la misma o en el escudo.<\/p>\n<p align=\"left\">-Usa un mecanismo de tracci\u00f3n central, con esto se evita la creaci\u00f3n de fuerzas laterales. Esto minimiza el peligro de torcedura o da\u00f1o de los tornillos.<\/p>\n<p align=\"left\">-Por su dise\u00f1o compacto y robusto, y su facilidad de uso y efectividad, la \u201cCampana\u201d es reconocida por los expertos internacionales, como la herramienta m\u00e1s efectiva para la extracci\u00f3n de cilindros y bombines.<\/p>\n<p align=\"left\">-Esta producida de acero de alta resistencia y permite su uso durante largos a\u00f1os.<\/p>\n<p>-El mecanismo tiene una M12 rosca fina (H45) que permite el uso suave sin necesidad de grandes esfuerzos.<\/p>\n<p>-Extractor de bombines universal, capaz hasta de romper cilindros de seguridad con conexi\u00f3n de acero.<\/p>\n<p>-Los tornillos y herramientas necesarias las podr\u00e1 encontrar en nuestra p\u00e1gina web o tienda f\u00edsica.<\/p>\n","protected":false},"excerpt":{"rendered":"<p>El extractor de bombines es una de las herramientas por excelencia de cualquier cerrajero profesional. Con este extractor profesional se puede extraer f\u00e1cilmente todos los tipos de cilindros de bloqueo, independientemente si se trata de un cilindro de perfil europeo, redondo u ovalado. El extractor de bombines campana est\u00e1 fabricado&hellip; <\/p>\n","protected":false},"featured_media":5412,"comment_status":"open","ping_status":"closed","template":"","meta":[],"etheme_brands":[{"term_id":92,"name":"sheiketools","slug":"sheiketools","term_group":0,"term_taxonomy_id":92,"taxonomy":"brand","description":"","parent":0,"count":3,"filter":"raw"}],"product_cat":[89],"product_tag":[],"class_list":["post-5410","product","type-product","status-publish","has-post-thumbnail","hentry","brand-sheiketools","product_cat-apertura-con-rotura"],"_links":{"self":[{"href":"https:\/\/paracerrajeros.com\/index.php\/wp-json\/wp\/v2\/product\/5410","targetHints":{"allow":["GET"]}}],"collection":[{"href":"https:\/\/paracerrajeros.com\/index.php\/wp-json\/wp\/v2\/product"}],"about":[{"href":"https:\/\/paracerrajeros.com\/index.php\/wp-json\/wp\/v2\/types\/product"}],"replies":[{"embeddable":true,"href":"https:\/\/paracerrajeros.com\/index.php\/wp-json\/wp\/v2\/comments?post=5410"}],"wp:featuredmedia":[{"embeddable":true,"href":"https:\/\/paracerrajeros.com\/index.php\/wp-json\/wp\/v2\/media\/5412"}],"wp:attachment":[{"href":"https:\/\/paracerrajeros.com\/index.php\/wp-json\/wp\/v2\/media?parent=5410"}],"wp:term":[{"taxonomy":"brand","embeddable":true,"href":"https:\/\/paracerrajeros.com\/index.php\/wp-json\/wp\/v2\/etheme_brands?post=5410"},{"taxonomy":"product_cat","embeddable":true,"href":"https:\/\/paracerrajeros.com\/index.php\/wp-json\/wp\/v2\/product_cat?post=5410"},{"taxonomy":"product_tag","embeddable":true,"href":"https:\/\/paracerrajeros.com\/index.php\/wp-json\/wp\/v2\/product_tag?post=5410"}],"curies":[{"name":"wp","href":"https:\/\/api.w.org\/{rel}","templated":true}]}}