{"id":5474,"date":"2022-03-03T17:35:59","date_gmt":"2022-03-03T17:35:59","guid":{"rendered":"https:\/\/paracerrajeros.com\/?post_type=product&#038;p=5474"},"modified":"2022-03-03T17:35:59","modified_gmt":"2022-03-03T17:35:59","slug":"llave-universal-o-de-construccion","status":"publish","type":"product","link":"https:\/\/paracerrajeros.com\/index.php\/product\/llave-universal-o-de-construccion\/","title":{"rendered":"Llave Universal o de Construcci\u00f3n"},"content":{"rendered":"<p>Llave Universal o de Construcci\u00f3n<\/p>\n<p align=\"left\">Una vez que el cilindro se sac\u00f3 de la cerradura, se usa la llave general \/de construcci\u00f3n para cerrar la puerta bajo llave o abrir la puerta. Cuando la llave general est\u00e1 inserta en la cerradura, la escala de profundidad permite determinar el largo del cilindro necesario. La versi\u00f3n larga de la llave general tiene unas funciones adicionales como se puede ver en la imagen.<\/p>\n<p align=\"left\">Llave Universal \u201clarga\u201d<\/p>\n","protected":false},"excerpt":{"rendered":"<p>Llave resistendte y duradera<\/p>\n","protected":false},"featured_media":5475,"comment_status":"open","ping_status":"closed","template":"","meta":[],"etheme_brands":[],"product_cat":[88,90],"product_tag":[],"class_list":["post-5474","product","type-product","status-publish","has-post-thumbnail","hentry","product_cat-apertura-sin-rotura-y-ganzuas","product_cat-herramientas-y-utiles"],"_links":{"self":[{"href":"https:\/\/paracerrajeros.com\/index.php\/wp-json\/wp\/v2\/product\/5474","targetHints":{"allow":["GET"]}}],"collection":[{"href":"https:\/\/paracerrajeros.com\/index.php\/wp-json\/wp\/v2\/product"}],"about":[{"href":"https:\/\/paracerrajeros.com\/index.php\/wp-json\/wp\/v2\/types\/product"}],"replies":[{"embeddable":true,"href":"https:\/\/paracerrajeros.com\/index.php\/wp-json\/wp\/v2\/comments?post=5474"}],"wp:featuredmedia":[{"embeddable":true,"href":"https:\/\/paracerrajeros.com\/index.php\/wp-json\/wp\/v2\/media\/5475"}],"wp:attachment":[{"href":"https:\/\/paracerrajeros.com\/index.php\/wp-json\/wp\/v2\/media?parent=5474"}],"wp:term":[{"taxonomy":"brand","embeddable":true,"href":"https:\/\/paracerrajeros.com\/index.php\/wp-json\/wp\/v2\/etheme_brands?post=5474"},{"taxonomy":"product_cat","embeddable":true,"href":"https:\/\/paracerrajeros.com\/index.php\/wp-json\/wp\/v2\/product_cat?post=5474"},{"taxonomy":"product_tag","embeddable":true,"href":"https:\/\/paracerrajeros.com\/index.php\/wp-json\/wp\/v2\/product_tag?post=5474"}],"curies":[{"name":"wp","href":"https:\/\/api.w.org\/{rel}","templated":true}]}}