{"id":5511,"date":"2022-03-04T11:21:15","date_gmt":"2022-03-04T11:21:15","guid":{"rendered":"https:\/\/paracerrajeros.com\/?post_type=product&#038;p=5511"},"modified":"2026-04-22T10:51:00","modified_gmt":"2026-04-22T10:51:00","slug":"extractor-de-bombillos-con-cadena-vip","status":"publish","type":"product","link":"https:\/\/paracerrajeros.com\/index.php\/product\/extractor-de-bombillos-con-cadena-vip\/","title":{"rendered":"Extractor de bombillos con cadena VIP"},"content":{"rendered":"<p><strong>Modo de uso:<\/strong><br \/>\nEl QA Pro 2 se engancha al tornillo de tracci\u00f3n especial que se atornilla en el n\u00facleo del cilindro. S\u00f3lo es necesario un ligero movimiento de la palanca para romper el cilindro. Las almohadillas de protecci\u00f3n QA Pro 2 evitan ara\u00f1azos en la superficie de la puerta o el herraje.<\/p>\n<p>Todos nuestros tornillos especiales de tracci\u00f3n, sin importar el tama\u00f1o, pueden ser utilizados con el QA Pro 2. Una herramienta de calidad alemana, que ha sido dise\u00f1ada para una aplicaci\u00f3n de por vida en el entorno profesional. Dado que el QA Pro 2 funciona casi sin mantenimiento y sin desgaste, est\u00e1 predestinado para ser utilizado por las autoridades y fuerzas de rescate.<\/p>\n<p><strong><br \/>\nDimensiones:<\/strong><\/p>\n<ul>\n<li>Longitud (m\u00e1x. estirado): 455 mm<\/li>\n<li>Longitud (m\u00e1x. en \u00e1ngulo): 385 mm<\/li>\n<li>Altura del tubo: 30 mm<\/li>\n<li>Ancho del tubo: 20 mm<\/li>\n<li>Altura de sujeci\u00f3n: 40 mm<\/li>\n<li>Ancho de sujeci\u00f3n: 20 mm<\/li>\n<li>Peso: aprox. 2.2 kg<\/li>\n<\/ul>\n","protected":false},"excerpt":{"rendered":"<p>Extractor de bombines con cadena super efectivo<\/p>\n","protected":false},"featured_media":5488,"comment_status":"open","ping_status":"closed","template":"","meta":[],"etheme_brands":[],"product_cat":[89],"product_tag":[],"class_list":["post-5511","product","type-product","status-publish","has-post-thumbnail","hentry","product_cat-apertura-con-rotura"],"_links":{"self":[{"href":"https:\/\/paracerrajeros.com\/index.php\/wp-json\/wp\/v2\/product\/5511","targetHints":{"allow":["GET"]}}],"collection":[{"href":"https:\/\/paracerrajeros.com\/index.php\/wp-json\/wp\/v2\/product"}],"about":[{"href":"https:\/\/paracerrajeros.com\/index.php\/wp-json\/wp\/v2\/types\/product"}],"replies":[{"embeddable":true,"href":"https:\/\/paracerrajeros.com\/index.php\/wp-json\/wp\/v2\/comments?post=5511"}],"wp:featuredmedia":[{"embeddable":true,"href":"https:\/\/paracerrajeros.com\/index.php\/wp-json\/wp\/v2\/media\/5488"}],"wp:attachment":[{"href":"https:\/\/paracerrajeros.com\/index.php\/wp-json\/wp\/v2\/media?parent=5511"}],"wp:term":[{"taxonomy":"brand","embeddable":true,"href":"https:\/\/paracerrajeros.com\/index.php\/wp-json\/wp\/v2\/etheme_brands?post=5511"},{"taxonomy":"product_cat","embeddable":true,"href":"https:\/\/paracerrajeros.com\/index.php\/wp-json\/wp\/v2\/product_cat?post=5511"},{"taxonomy":"product_tag","embeddable":true,"href":"https:\/\/paracerrajeros.com\/index.php\/wp-json\/wp\/v2\/product_tag?post=5511"}],"curies":[{"name":"wp","href":"https:\/\/api.w.org\/{rel}","templated":true}]}}