{"id":5512,"date":"2022-03-04T11:27:35","date_gmt":"2022-03-04T11:27:35","guid":{"rendered":"https:\/\/paracerrajeros.com\/?post_type=product&#038;p=5512"},"modified":"2026-04-25T07:03:51","modified_gmt":"2026-04-25T07:03:51","slug":"extractor-de-bombines-para-vehiculos-y-coches","status":"publish","type":"product","link":"https:\/\/paracerrajeros.com\/index.php\/product\/extractor-de-bombines-para-vehiculos-y-coches\/","title":{"rendered":"Extractor de bombines para veh\u00edculos y coches"},"content":{"rendered":"<p>Mediante este extractor con manivela podr\u00e1 extraer sin problema cualquier bombines de la mayor\u00eda de veh\u00edculos tales como coches o motos sin ejercer movimientos laterales.<\/p>\n<p><strong>Contenido del paquete:<\/strong><br \/>\n-Extractor de bombines para veh\u00edculos y coches<br \/>\n-10 Tornillos para el extractor<\/p>\n","protected":false},"excerpt":{"rendered":"<p>Contenido del paquete:<br \/>\n-Extractor de bombines para veh\u00edculos y coches<br \/>\n-10 Tornillos para el extractor<\/p>\n","protected":false},"featured_media":5493,"comment_status":"open","ping_status":"closed","template":"","meta":[],"etheme_brands":[],"product_cat":[89,94],"product_tag":[],"class_list":["post-5512","product","type-product","status-publish","has-post-thumbnail","hentry","product_cat-apertura-con-rotura","product_cat-apertura-para-vehiculos-y-coches"],"_links":{"self":[{"href":"https:\/\/paracerrajeros.com\/index.php\/wp-json\/wp\/v2\/product\/5512","targetHints":{"allow":["GET"]}}],"collection":[{"href":"https:\/\/paracerrajeros.com\/index.php\/wp-json\/wp\/v2\/product"}],"about":[{"href":"https:\/\/paracerrajeros.com\/index.php\/wp-json\/wp\/v2\/types\/product"}],"replies":[{"embeddable":true,"href":"https:\/\/paracerrajeros.com\/index.php\/wp-json\/wp\/v2\/comments?post=5512"}],"wp:featuredmedia":[{"embeddable":true,"href":"https:\/\/paracerrajeros.com\/index.php\/wp-json\/wp\/v2\/media\/5493"}],"wp:attachment":[{"href":"https:\/\/paracerrajeros.com\/index.php\/wp-json\/wp\/v2\/media?parent=5512"}],"wp:term":[{"taxonomy":"brand","embeddable":true,"href":"https:\/\/paracerrajeros.com\/index.php\/wp-json\/wp\/v2\/etheme_brands?post=5512"},{"taxonomy":"product_cat","embeddable":true,"href":"https:\/\/paracerrajeros.com\/index.php\/wp-json\/wp\/v2\/product_cat?post=5512"},{"taxonomy":"product_tag","embeddable":true,"href":"https:\/\/paracerrajeros.com\/index.php\/wp-json\/wp\/v2\/product_tag?post=5512"}],"curies":[{"name":"wp","href":"https:\/\/api.w.org\/{rel}","templated":true}]}}