{"id":5514,"date":"2022-03-04T11:39:43","date_gmt":"2022-03-04T11:39:43","guid":{"rendered":"https:\/\/paracerrajeros.com\/?post_type=product&#038;p=5514"},"modified":"2022-11-23T11:10:08","modified_gmt":"2022-11-23T11:10:08","slug":"screw-fix-extractor-de-bombines","status":"publish","type":"product","link":"https:\/\/paracerrajeros.com\/index.php\/product\/screw-fix-extractor-de-bombines\/","title":{"rendered":"Screw-Fix Extractor de bombines"},"content":{"rendered":"<p>Adaptador para tornillos especiales de extracci\u00f3n TX-20<\/p>\n<p>El nuevo Screw-Fix es un adaptador que permite fijar el tornillo en un portador de tornillos integrado.<br \/>\nEl tornillo se puede atornillar en el cilindro r\u00e1pidamente usando una mano nada m\u00e1s.<br \/>\nDespu\u00e9s de atornillarlo, el Screw-Fix se puede sacar f\u00e1cilmente. Es una herramienta muy \u00fatil!<br \/>\nEl bit est\u00e1ndar intercambiable permite usar esta herramienta para cualquier trabajo con tornillos.<br \/>\nExtensi\u00f3n de \u00bc \u201c para el uso en todos los destornilladores el\u00e9ctricos etc.<\/p>\n","protected":false},"excerpt":{"rendered":"<p>Herramienta de cerrajer\u00eda para profesionales.<\/p>\n","protected":false},"featured_media":5499,"comment_status":"open","ping_status":"closed","template":"","meta":[],"etheme_brands":[],"product_cat":[89,90,93],"product_tag":[],"class_list":["post-5514","product","type-product","status-publish","has-post-thumbnail","hentry","product_cat-apertura-con-rotura","product_cat-herramientas-y-utiles","product_cat-kit-de-extraccion"],"_links":{"self":[{"href":"https:\/\/paracerrajeros.com\/index.php\/wp-json\/wp\/v2\/product\/5514","targetHints":{"allow":["GET"]}}],"collection":[{"href":"https:\/\/paracerrajeros.com\/index.php\/wp-json\/wp\/v2\/product"}],"about":[{"href":"https:\/\/paracerrajeros.com\/index.php\/wp-json\/wp\/v2\/types\/product"}],"replies":[{"embeddable":true,"href":"https:\/\/paracerrajeros.com\/index.php\/wp-json\/wp\/v2\/comments?post=5514"}],"wp:featuredmedia":[{"embeddable":true,"href":"https:\/\/paracerrajeros.com\/index.php\/wp-json\/wp\/v2\/media\/5499"}],"wp:attachment":[{"href":"https:\/\/paracerrajeros.com\/index.php\/wp-json\/wp\/v2\/media?parent=5514"}],"wp:term":[{"taxonomy":"brand","embeddable":true,"href":"https:\/\/paracerrajeros.com\/index.php\/wp-json\/wp\/v2\/etheme_brands?post=5514"},{"taxonomy":"product_cat","embeddable":true,"href":"https:\/\/paracerrajeros.com\/index.php\/wp-json\/wp\/v2\/product_cat?post=5514"},{"taxonomy":"product_tag","embeddable":true,"href":"https:\/\/paracerrajeros.com\/index.php\/wp-json\/wp\/v2\/product_tag?post=5514"}],"curies":[{"name":"wp","href":"https:\/\/api.w.org\/{rel}","templated":true}]}}