{"id":5522,"date":"2022-03-04T12:01:54","date_gmt":"2022-03-04T12:01:54","guid":{"rendered":"https:\/\/paracerrajeros.com\/?post_type=product&#038;p=5522"},"modified":"2022-11-23T11:09:32","modified_gmt":"2022-11-23T11:09:32","slug":"pack-de-10-tornillos-de-55-mm-viper-azules","status":"publish","type":"product","link":"https:\/\/paracerrajeros.com\/index.php\/product\/pack-de-10-tornillos-de-55-mm-viper-azules\/","title":{"rendered":"Pack de 10 tornillos de 5,5 mm VIPER azules."},"content":{"rendered":"<p><strong>Informativo oficial VIPER:<\/strong><\/p>\n<p>Constantemente recibimos comentarios positivos sobre la calidad de nuestros tornillos de extracci\u00f3n VIPER, principalmente en los departamentos de bomberos.<\/p>\n<p>Sin embargo, todav\u00eda existe desconocimiento o cierta incertidumbre sobre la aplicaci\u00f3n exacta de los tornillos de extracci\u00f3n VIPER.<\/p>\n<p>Una cosa est\u00e1 clara: \u00a1La extracci\u00f3n del cilindro con los nuevos tornillos VIPER ahora es mucho m\u00e1s r\u00e1pida y segura!<\/p>\n<p>Generalmente, en el entrenamiento y formaci\u00f3n de bomberos se recomienda primero atornillar el tornillo de extracci\u00f3n de menor di\u00e1metro en el n\u00facleo del cilindro. Luego este tornillo se retira y se reemplaza por uno m\u00e1s fuerte de mayor di\u00e1metro. Por \u00faltimo, con el tornillo de extracci\u00f3n m\u00e1s robusto posible, se procede a extraer o romper el n\u00facleo del cilindro.<\/p>\n<p>El modo de trabajo con el nuevo tornillo de extracci\u00f3n VIPER es relativamente diferente, eso s\u00ed, mucho m\u00e1s r\u00e1pido y pr\u00e1ctico:<\/p>\n<p>-Preferiblemente se utiliza un bit SIT20 para atornillar, pero la unidad est\u00e1ndar TORX20 tambi\u00e9n funciona.<\/p>\n<p>-El SIT20 sujeta el tornillo VIPER de manera tan segura, que se puede atornillar con una mano sin necesidad de adaptador adicional.<\/p>\n<p>-El tornillo adecuado se selecciona seg\u00fan el ancho del canal de la cerradura. En la mayor\u00eda de los casos es el VIPER rojo de 4.8 mm de di\u00e1metro.<\/p>\n<p>-Se puede atornillar directamente sin problemas en el n\u00facleo del cilindro con el destornillador el\u00e9ctrico a una velocidad de giro ligeramente mayor y con una presi\u00f3n de contacto m\u00e1s alta. Si la resistencia se vuelve recia, reduzca un poco la velocidad de giro.<\/p>\n<p>-La m\u00e1xima profundidad de atornillado se alcanza cuando la rosca del tornillo desaparece en el cilindro. La mayor\u00eda de veces, no es necesario ni recomendable atornillar tan profundo para obtener suficiente agarre.<\/p>\n<p>-Tenga en cuenta que existe el riesgo, especialmente cuando se utiliza un destornillador el\u00e9ctrico, de arrancar la cabeza del tornillo o destruir el bit SIT20 debido a la utilizaci\u00f3n de un excesivo par de giro (torque).<\/p>\n<p>-Ahora simplemente conecte el dispositivo de extracci\u00f3n y tire del n\u00facleo o rompa el cilindro.<\/p>\n<p>\u00a1Importante! Si utiliza un dispositivo de extracci\u00f3n en el que tambi\u00e9n se puede usar tornillos de 6 mm, aseg\u00farese de utilizar los anillos de refuerzo\u00a0 (Art:\u00a0 2045)<\/p>\n<p><strong>Ahora al tema de la lubricaci\u00f3n:<\/strong><br \/>\nDurante todo el per\u00edodo de desarrollo y prueba de los tornillos de extracci\u00f3n VIPER, se prescindi\u00f3 por completo de la lubricaci\u00f3n del tornillo o de la utilizaci\u00f3n de aceites lubricantes para rociar el cilindro. Por tanto, no es necesario.<\/p>\n<p><strong>Errores conocidos en la utilizaci\u00f3n de los tornillos:<\/strong><\/p>\n<p>-Colocaci\u00f3n y atornillado demasiado lento(vacilante) del tornillo<br \/>\n-La perforaci\u00f3n previa y la lubricaci\u00f3n resultan innecesarias.<br \/>\n-Atornillar el tornillo demasiado profundo en el cilindro de la cerradura.<\/p>\n","protected":false},"excerpt":{"rendered":"<p>Pack de 10 tornillos de 5,5 mm VIPER azules.<\/p>\n","protected":false},"featured_media":5504,"comment_status":"open","ping_status":"closed","template":"","meta":[],"etheme_brands":[],"product_cat":[89,90],"product_tag":[],"class_list":["post-5522","product","type-product","status-publish","has-post-thumbnail","hentry","product_cat-apertura-con-rotura","product_cat-herramientas-y-utiles"],"_links":{"self":[{"href":"https:\/\/paracerrajeros.com\/index.php\/wp-json\/wp\/v2\/product\/5522","targetHints":{"allow":["GET"]}}],"collection":[{"href":"https:\/\/paracerrajeros.com\/index.php\/wp-json\/wp\/v2\/product"}],"about":[{"href":"https:\/\/paracerrajeros.com\/index.php\/wp-json\/wp\/v2\/types\/product"}],"replies":[{"embeddable":true,"href":"https:\/\/paracerrajeros.com\/index.php\/wp-json\/wp\/v2\/comments?post=5522"}],"wp:featuredmedia":[{"embeddable":true,"href":"https:\/\/paracerrajeros.com\/index.php\/wp-json\/wp\/v2\/media\/5504"}],"wp:attachment":[{"href":"https:\/\/paracerrajeros.com\/index.php\/wp-json\/wp\/v2\/media?parent=5522"}],"wp:term":[{"taxonomy":"brand","embeddable":true,"href":"https:\/\/paracerrajeros.com\/index.php\/wp-json\/wp\/v2\/etheme_brands?post=5522"},{"taxonomy":"product_cat","embeddable":true,"href":"https:\/\/paracerrajeros.com\/index.php\/wp-json\/wp\/v2\/product_cat?post=5522"},{"taxonomy":"product_tag","embeddable":true,"href":"https:\/\/paracerrajeros.com\/index.php\/wp-json\/wp\/v2\/product_tag?post=5522"}],"curies":[{"name":"wp","href":"https:\/\/api.w.org\/{rel}","templated":true}]}}