{"id":5527,"date":"2022-03-04T12:29:04","date_gmt":"2022-03-04T12:29:04","guid":{"rendered":"https:\/\/paracerrajeros.com\/?post_type=product&#038;p=5527"},"modified":"2026-04-22T10:50:11","modified_gmt":"2026-04-22T10:50:11","slug":"cerradura-golden-shield-alarm-95db-dorada-4-mandos-a-distancia","status":"publish","type":"product","link":"https:\/\/paracerrajeros.com\/index.php\/product\/cerradura-golden-shield-alarm-95db-dorada-4-mandos-a-distancia\/","title":{"rendered":"Cerradura Golden Shield Alarm 95db dorada 4 mandos a distancia"},"content":{"rendered":"<p>M\u00e1s informaci\u00f3n en la <a href=\"https:\/\/goldenshieldshop.com\">p\u00e1gina oficial de Golden Shield\u00a0<\/a><\/p>\n<p><strong><span id=\"Puedes abrir cualquiera de las dos cerraduras invisibles con un mismo mando a distancia si lo deseas.\">Cerradura invisible dorada con Alarma accionada con mandos a distancia.<\/span><\/strong><\/p>\n<p>GOLDEN SHIELD ALARM es un novedoso cerrojo inteligente, sin elementos visibles desde el exterior y con apertura mediante mandos a distancias incopiables.<br \/>\nCuenta adem\u00e1s con muchas ventajas respecto las cerraduras convencionales, como puede ser el sistema de alarma inteligente integrado y exterior en este caso.<\/p>\n<p><strong>Detecci\u00f3n anticipada contra ataques a su puerta<\/strong><\/p>\n<p>Nuestra cerradura, a diferencia del resto de alarmas convencionales, la alarma saltar\u00e1 antes que el ladr\u00f3n entre en su vivienda y antes que haya conseguido abrir su puerta. Una vez que detecta golpes mal intencionados la alarma saltar\u00e1.<\/p>\n<p><strong>Prestaciones Destacadas Cerradura Invisible Alarm<\/strong><\/p>\n<ul>\n<li><b>Sistema inteligente de alarma incorporado (95db) + alarma externa de 120db anti-inhibidores:\u00a0<\/b>La alarma se activa autom\u00e1ticamente cuando la cerradura se cierra y se desactiva\u00a0autom\u00e1ticamente\u00a0cuando se abre.( Duraci\u00f3n del salto de alarma 1 minuto)<\/li>\n<li><strong>Toma de corriente:<\/strong>\u00a0Toma USB para conectarse a la luz corriente, pudiendo estar conectado al mismo tiempo que las pilas.<\/li>\n<li><strong>Sistema cierre autom\u00e1tico:<\/strong>\u00a0Este sistema es accionado mediante un electroim\u00e1n, cuando la cerradura detecte que la puerta esta cerrada, la cerradura a los 30 segundos se cerrar\u00e1 autom\u00e1ticamente sola. Esta opci\u00f3n es opcional, puedes desactivarla mediante su bot\u00f3n correspondiente.\u00a0(Nuevo)<\/li>\n<li><strong>Una mayor robustez:\u00a0<\/strong>Estructura robusta de la cerradura sin puntos d\u00e9biles.<\/li>\n<li><strong>Hasta 25 mandos enlazados por cerradura.<\/strong><\/li>\n<li><b>Gesti\u00f3n de energ\u00eda:\u00a0<\/b>La cerradura gestiona las pilas, avis\u00e1ndote con antelaci\u00f3n para su sustituci\u00f3n y en caso de no hacerlo la cerradura har\u00e1 una apertura autom\u00e1tica.<\/li>\n<li><strong>Apertura manual:<\/strong>\u00a0La cerradura dispone de un bot\u00f3n para la apertura o el cierre.<\/li>\n<\/ul>\n<p>&nbsp;<\/p>\n<div class=\"entry-content\">\n<div class=\"entry-content\">\n<p><strong>DATOS T\u00c9CNICOS:<\/strong><\/p>\n<p><strong>Cerradura:<\/strong><br \/>\n\u2013 Dimensiones: 175mm x 95mm x 35mm<br \/>\n\u2013 Peso neto: 960g<br \/>\n\u2013 Frecuencia encriptada 2.4GHz\u00a0(Nuevo)<br \/>\n\u2013 Micro controlador 44 bit\u00a0(Nuevo)<br \/>\n\u2013 Puerto Micro USB.<br \/>\n\u2013 Alarma 95db interna.<br \/>\n\u2013 Alarma externa 120db.<strong>Mando a distancia:<\/strong><br \/>\n\u2013 Frecuencia: 2.4GHz\u00a0(Nuevo)<br \/>\n\u2013 Dimensiones: 6cm x 2.5cm x 1cm.<br \/>\n\u2013 Peso: 30g.<br \/>\n\u2013 Bater\u00edas:2 tipo bot\u00f3n de litio 3V CR2016.<br \/>\n\u2013 Temperaturas: -20\u00baC hasta 70\u00baC<br \/>\n\u2013 Humedad: 25% hasta 80%<strong>CAPACIDAD ANTIRROBO Y RESISTENTE APERTURAS:<\/strong><\/p>\n<p>\u2013 Violentas.<br \/>\n\u2013 Tecnol\u00f3gicas.<br \/>\n\u2013 Con sistemas de resbal\u00f3n.<br \/>\n\u2013 Con ganz\u00faas.<br \/>\n\u2013 Antibumping.<strong>SISTEMA INAL\u00c1MBRICO DE SEGURIDAD ALTA CODIFICACI\u00d3N:<\/strong><\/p>\n<p>S\u00f3lo puede abrir y cerrar la cerradura con los mandos que est\u00e9n enlazados desde el exterior, desde el interior la cerradura dispone de bot\u00f3n para apertura y cierre. El nuevo sistema mejorado con tecnolog\u00eda 2.4GHz lo hace incopinable.<strong>DISTANCIA OPERATIVA DE LOS MANDOS.<\/strong><\/p>\n<p>Hasta 10 metros.<strong>TRES V\u00cdAS DE ALIMENTACI\u00d3N POR:<\/strong><\/p>\n<\/div>\n<\/div>\n<div class=\"entry-content\">\n<div class=\"entry-content\">\u2013 Transformador USB 5V.<br \/>\n\u2013 4 bater\u00edas de 1,5V tipo AA.<br \/>\n\u2013 1 bater\u00eda de 12V tipo 23A. (Solo alimenta la alarma)<\/div>\n<\/div>\n<p><strong>El paquete incluye:<\/strong><\/p>\n<ul>\n<li>Cerradura Golden Shield\u00a0 ALARM dorada 95db\u00a0anti-inhibidores.<\/li>\n<li>4 mandos a distancia incopiables.<\/li>\n<li>1 Transformador USB 5V.<\/li>\n<li>4 bater\u00edas VARTA tipo AA + bater\u00eda VARTA 12V.<\/li>\n<li>Placas de fijaci\u00f3n Marco y puerta.<\/li>\n<li>Plantillas doble cara para instalaci\u00f3n.<\/li>\n<li>Manual de instrucciones.<\/li>\n<li>Torniller\u00eda para su instalaci\u00f3n.<\/li>\n<\/ul>\n","protected":false},"excerpt":{"rendered":"<p>M\u00e1s informaci\u00f3n en la <a href=\"https:\/\/goldenshieldshop.com\">p\u00e1gina oficial de Golden Shield\u00a0<\/a><\/p>\n","protected":false},"featured_media":5533,"comment_status":"open","ping_status":"closed","template":"","meta":[],"etheme_brands":[],"product_cat":[91],"product_tag":[],"class_list":["post-5527","product","type-product","status-publish","has-post-thumbnail","hentry","product_cat-cerraduras"],"_links":{"self":[{"href":"https:\/\/paracerrajeros.com\/index.php\/wp-json\/wp\/v2\/product\/5527","targetHints":{"allow":["GET"]}}],"collection":[{"href":"https:\/\/paracerrajeros.com\/index.php\/wp-json\/wp\/v2\/product"}],"about":[{"href":"https:\/\/paracerrajeros.com\/index.php\/wp-json\/wp\/v2\/types\/product"}],"replies":[{"embeddable":true,"href":"https:\/\/paracerrajeros.com\/index.php\/wp-json\/wp\/v2\/comments?post=5527"}],"wp:featuredmedia":[{"embeddable":true,"href":"https:\/\/paracerrajeros.com\/index.php\/wp-json\/wp\/v2\/media\/5533"}],"wp:attachment":[{"href":"https:\/\/paracerrajeros.com\/index.php\/wp-json\/wp\/v2\/media?parent=5527"}],"wp:term":[{"taxonomy":"brand","embeddable":true,"href":"https:\/\/paracerrajeros.com\/index.php\/wp-json\/wp\/v2\/etheme_brands?post=5527"},{"taxonomy":"product_cat","embeddable":true,"href":"https:\/\/paracerrajeros.com\/index.php\/wp-json\/wp\/v2\/product_cat?post=5527"},{"taxonomy":"product_tag","embeddable":true,"href":"https:\/\/paracerrajeros.com\/index.php\/wp-json\/wp\/v2\/product_tag?post=5527"}],"curies":[{"name":"wp","href":"https:\/\/api.w.org\/{rel}","templated":true}]}}