{"id":5548,"date":"2022-04-04T15:44:00","date_gmt":"2022-04-04T15:44:00","guid":{"rendered":"https:\/\/paracerrajeros.com\/?post_type=product&#038;p=5548"},"modified":"2026-04-25T07:03:12","modified_gmt":"2026-04-25T07:03:12","slug":"cuna-de-aire-para-apertura-de-puertas","status":"publish","type":"product","link":"https:\/\/paracerrajeros.com\/index.php\/product\/cuna-de-aire-para-apertura-de-puertas\/","title":{"rendered":"Cu\u00f1a de aire para apertura de puertas"},"content":{"rendered":"<p>Esta herramienta es muy \u00fatil a la hora de realizar aperturas de puertas dom\u00e9sticas y de veh\u00edculos.<\/p>\n<p>Se introduce entre el marco y la puerta y al inflarse la empuja con mucha fuerza.<\/p>\n<p>Incluye una v\u00e1lvula de vaciado y una bomba de inflado.<\/p>\n<p>&nbsp;<\/p>\n","protected":false},"excerpt":{"rendered":"<p>Material profesional para apertura de puertas<\/p>\n","protected":false},"featured_media":5549,"comment_status":"open","ping_status":"closed","template":"","meta":[],"etheme_brands":[],"product_cat":[89,94,88,90],"product_tag":[],"class_list":["post-5548","product","type-product","status-publish","has-post-thumbnail","hentry","product_cat-apertura-con-rotura","product_cat-apertura-para-vehiculos-y-coches","product_cat-apertura-sin-rotura-y-ganzuas","product_cat-herramientas-y-utiles"],"_links":{"self":[{"href":"https:\/\/paracerrajeros.com\/index.php\/wp-json\/wp\/v2\/product\/5548","targetHints":{"allow":["GET"]}}],"collection":[{"href":"https:\/\/paracerrajeros.com\/index.php\/wp-json\/wp\/v2\/product"}],"about":[{"href":"https:\/\/paracerrajeros.com\/index.php\/wp-json\/wp\/v2\/types\/product"}],"replies":[{"embeddable":true,"href":"https:\/\/paracerrajeros.com\/index.php\/wp-json\/wp\/v2\/comments?post=5548"}],"wp:featuredmedia":[{"embeddable":true,"href":"https:\/\/paracerrajeros.com\/index.php\/wp-json\/wp\/v2\/media\/5549"}],"wp:attachment":[{"href":"https:\/\/paracerrajeros.com\/index.php\/wp-json\/wp\/v2\/media?parent=5548"}],"wp:term":[{"taxonomy":"brand","embeddable":true,"href":"https:\/\/paracerrajeros.com\/index.php\/wp-json\/wp\/v2\/etheme_brands?post=5548"},{"taxonomy":"product_cat","embeddable":true,"href":"https:\/\/paracerrajeros.com\/index.php\/wp-json\/wp\/v2\/product_cat?post=5548"},{"taxonomy":"product_tag","embeddable":true,"href":"https:\/\/paracerrajeros.com\/index.php\/wp-json\/wp\/v2\/product_tag?post=5548"}],"curies":[{"name":"wp","href":"https:\/\/api.w.org\/{rel}","templated":true}]}}