{"id":5556,"date":"2022-05-26T13:11:08","date_gmt":"2022-05-26T13:11:08","guid":{"rendered":"https:\/\/paracerrajeros.com\/?post_type=product&#038;p=5556"},"modified":"2025-09-14T14:43:36","modified_gmt":"2025-09-14T14:43:36","slug":"maletin-profesional-de-impresion-con-10-llaves-nuevo-con-sujeta-llaves","status":"publish","type":"product","link":"https:\/\/paracerrajeros.com\/index.php\/product\/maletin-profesional-de-impresion-con-10-llaves-nuevo-con-sujeta-llaves\/","title":{"rendered":"Malet\u00edn profesional de impresi\u00f3n con 10 llaves \u00a1Nuevo! con Sujeta-llaves"},"content":{"rendered":"<div>Este malet\u00edn incluye:<\/div>\n<div><\/div>\n<div>10 Llaves:<\/div>\n<div><\/div>\n<div>-AMIG<\/div>\n<div>-AMIG-10580<\/div>\n<div>-SECUREMME-K22<\/div>\n<div>-SECUREMME-K1<\/div>\n<div>-TECON-TC8<\/div>\n<div>-MAUER<\/div>\n<div>-YALE-YL6<\/div>\n<div>-TESA-T70<\/div>\n<div>-STS\/ARCU-CS5<\/div>\n<div>-ABUS\/CISA<\/div>\n<div><\/div>\n<div>Adem\u00e1s se incluye un sujeta-llaves c\u00f3modo y r\u00e1pido de ajustar + llave allen<\/div>\n","protected":false},"excerpt":{"rendered":"<p>Malet\u00edn para profesionales con 10 llaves y sujeta-llaves.<\/p>\n","protected":false},"featured_media":5560,"comment_status":"open","ping_status":"closed","template":"","meta":[],"etheme_brands":[],"product_cat":[88,90,87],"product_tag":[],"class_list":["post-5556","product","type-product","status-publish","has-post-thumbnail","hentry","product_cat-apertura-sin-rotura-y-ganzuas","product_cat-herramientas-y-utiles","product_cat-plantillas-impresion-llaves"],"_links":{"self":[{"href":"https:\/\/paracerrajeros.com\/index.php\/wp-json\/wp\/v2\/product\/5556","targetHints":{"allow":["GET"]}}],"collection":[{"href":"https:\/\/paracerrajeros.com\/index.php\/wp-json\/wp\/v2\/product"}],"about":[{"href":"https:\/\/paracerrajeros.com\/index.php\/wp-json\/wp\/v2\/types\/product"}],"replies":[{"embeddable":true,"href":"https:\/\/paracerrajeros.com\/index.php\/wp-json\/wp\/v2\/comments?post=5556"}],"wp:featuredmedia":[{"embeddable":true,"href":"https:\/\/paracerrajeros.com\/index.php\/wp-json\/wp\/v2\/media\/5560"}],"wp:attachment":[{"href":"https:\/\/paracerrajeros.com\/index.php\/wp-json\/wp\/v2\/media?parent=5556"}],"wp:term":[{"taxonomy":"brand","embeddable":true,"href":"https:\/\/paracerrajeros.com\/index.php\/wp-json\/wp\/v2\/etheme_brands?post=5556"},{"taxonomy":"product_cat","embeddable":true,"href":"https:\/\/paracerrajeros.com\/index.php\/wp-json\/wp\/v2\/product_cat?post=5556"},{"taxonomy":"product_tag","embeddable":true,"href":"https:\/\/paracerrajeros.com\/index.php\/wp-json\/wp\/v2\/product_tag?post=5556"}],"curies":[{"name":"wp","href":"https:\/\/api.w.org\/{rel}","templated":true}]}}