{"id":5583,"date":"2022-06-02T17:12:59","date_gmt":"2022-06-02T17:12:59","guid":{"rendered":"https:\/\/paracerrajeros.com\/?post_type=product&#038;p=5583"},"modified":"2022-11-23T11:08:09","modified_gmt":"2022-11-23T11:08:09","slug":"herramienta-profesional-de-turbodecodificacion-ideal-para-apertura-de-vehiculos-9-modelos-diferentes","status":"publish","type":"product","link":"https:\/\/paracerrajeros.com\/index.php\/product\/herramienta-profesional-de-turbodecodificacion-ideal-para-apertura-de-vehiculos-9-modelos-diferentes\/","title":{"rendered":"Herramienta profesional de turbodecodificaci\u00f3n. Ideal para apertura de veh\u00edculos. 9 Modelos diferentes."},"content":{"rendered":"<p class=\"entry-title\"><strong>-Modelo HU 100R BMW SERIE F<\/strong><\/p>\n<p>Dise\u00f1ado para ser utilizada en puertas o arranques de BMW Serie F.<\/p>\n<p><strong>-Modelo HU101<\/strong><\/p>\n<p>Dise\u00f1ado para ser utilizada en puertas de Range, Ford y Jaguar.<\/p>\n<p class=\"entry-title\"><strong>-Modelo HU64 MERCEDES<\/strong><\/p>\n<p>Dise\u00f1ado para ser utilizada en puertas de Mercedes Benz, su arranque y maletero.<\/p>\n<p class=\"entry-title\"><strong>-Modelo HU66 1\u00baGEN<\/strong><\/p>\n<p>Dise\u00f1ado para ser utilizada en modelos de autom\u00f3viles del Grupo VAG como VW, Audi, Skoda, Seat, Porsche y otros.<\/p>\n<p class=\"entry-title\"><strong>-Modelo HU66 GEN2-3<\/strong><\/p>\n<p>Dise\u00f1ado para ser utilizada en modelos de autom\u00f3viles del Grupo VAG como VW, Audi, Skoda, Seat, Porsche y otros.<\/p>\n<p class=\"entry-title\"><strong>-Modelo\u00a0 HU83<\/strong><\/p>\n<p>Dise\u00f1ado para ser utilizada en puertas y arranques de camiones Peugeot, Citroen, Fiat, MG Mini y Man.<\/p>\n<p class=\"entry-title\"><strong>-Modelo HU92 BMW SERIE E<\/strong><\/p>\n<p>Dise\u00f1ado para usarse en puertas y arranques de todas las series E de BMW hasta 2014,\u00a0tambi\u00e9n en marcas de autom\u00f3viles como Scania, Mini Cooper, Land Rover o Rolls Royce.<\/p>\n<p class=\"entry-title\"><strong>-Modelo HY22<br \/>\n<\/strong><\/p>\n<p class=\"entry-title\">Dise\u00f1ado para ser utilizada en modelos KIA y Hyundai.<\/p>\n<p class=\"entry-title\"><strong>-Modelo SIP22<br \/>\n<\/strong><br \/>\nDise\u00f1ado principalmente para ser utilizada en las marcas de autom\u00f3viles FIAT y Alfa-Romeo, pero tambi\u00e9n funciona en algunas otras marcas como Peugeot, Maserati, Citroen, Ford, Abarth, Iveco, Lancia, Gilera, Piaggio Bikes y muchas m\u00e1s.<\/p>\n","protected":false},"excerpt":{"rendered":"<p>Turbodecodificador profesional. Herramienta para apertura de veh\u00edculos. Varios Modelos<\/p>\n","protected":false},"featured_media":5593,"comment_status":"open","ping_status":"closed","template":"","meta":[],"etheme_brands":[],"product_cat":[94,88,90],"product_tag":[],"class_list":["post-5583","product","type-product","status-publish","has-post-thumbnail","hentry","product_cat-apertura-para-vehiculos-y-coches","product_cat-apertura-sin-rotura-y-ganzuas","product_cat-herramientas-y-utiles"],"_links":{"self":[{"href":"https:\/\/paracerrajeros.com\/index.php\/wp-json\/wp\/v2\/product\/5583","targetHints":{"allow":["GET"]}}],"collection":[{"href":"https:\/\/paracerrajeros.com\/index.php\/wp-json\/wp\/v2\/product"}],"about":[{"href":"https:\/\/paracerrajeros.com\/index.php\/wp-json\/wp\/v2\/types\/product"}],"replies":[{"embeddable":true,"href":"https:\/\/paracerrajeros.com\/index.php\/wp-json\/wp\/v2\/comments?post=5583"}],"wp:featuredmedia":[{"embeddable":true,"href":"https:\/\/paracerrajeros.com\/index.php\/wp-json\/wp\/v2\/media\/5593"}],"wp:attachment":[{"href":"https:\/\/paracerrajeros.com\/index.php\/wp-json\/wp\/v2\/media?parent=5583"}],"wp:term":[{"taxonomy":"brand","embeddable":true,"href":"https:\/\/paracerrajeros.com\/index.php\/wp-json\/wp\/v2\/etheme_brands?post=5583"},{"taxonomy":"product_cat","embeddable":true,"href":"https:\/\/paracerrajeros.com\/index.php\/wp-json\/wp\/v2\/product_cat?post=5583"},{"taxonomy":"product_tag","embeddable":true,"href":"https:\/\/paracerrajeros.com\/index.php\/wp-json\/wp\/v2\/product_tag?post=5583"}],"curies":[{"name":"wp","href":"https:\/\/api.w.org\/{rel}","templated":true}]}}