{"id":5602,"date":"2022-06-29T12:04:17","date_gmt":"2022-06-29T12:04:17","guid":{"rendered":"https:\/\/paracerrajeros.com\/?post_type=product&#038;p=5602"},"modified":"2026-04-25T12:55:47","modified_gmt":"2026-04-25T12:55:47","slug":"abridor-de-mirilla-profesional-facil-de-usar-ligero-e-indipensable","status":"publish","type":"product","link":"https:\/\/paracerrajeros.com\/index.php\/product\/abridor-de-mirilla-profesional-facil-de-usar-ligero-e-indipensable\/","title":{"rendered":"Abridor de mirilla profesional. F\u00e1cil de usar, ligero e indipensable."},"content":{"rendered":"<p>El Abridor de Mirilla es una herramienta que se introduce a trav\u00e9s de la mirilla para as\u00ed accionar la manivela desde el exterior para realizar la apertura de puertas cerradas con el resbal\u00f3n por si las tarjetas de apertura no tienen acceso.<\/p>\n<p>Esta herramienta de palanca de alta calidad permite, gracias a su refinado sistema, la apertura de puertas cerradas.<\/p>\n<p>Antes del uso se debe averiguar qu\u00e9 tipo de manilla est\u00e1 instalada en la parte interior de la puerta.<br \/>\nDesafortunadamente, los pomos redondos no se pueden operar con esta herramienta de apertura.<\/p>\n","protected":false},"excerpt":{"rendered":"<p>Herramienta profesional de apertura de puertas cerradas a trav\u00e9s de el agujero de la mirilla.<\/p>\n","protected":false},"featured_media":5605,"comment_status":"open","ping_status":"closed","template":"","meta":[],"etheme_brands":[],"product_cat":[88,90],"product_tag":[],"class_list":["post-5602","product","type-product","status-publish","has-post-thumbnail","hentry","product_cat-apertura-sin-rotura-y-ganzuas","product_cat-herramientas-y-utiles"],"_links":{"self":[{"href":"https:\/\/paracerrajeros.com\/index.php\/wp-json\/wp\/v2\/product\/5602","targetHints":{"allow":["GET"]}}],"collection":[{"href":"https:\/\/paracerrajeros.com\/index.php\/wp-json\/wp\/v2\/product"}],"about":[{"href":"https:\/\/paracerrajeros.com\/index.php\/wp-json\/wp\/v2\/types\/product"}],"replies":[{"embeddable":true,"href":"https:\/\/paracerrajeros.com\/index.php\/wp-json\/wp\/v2\/comments?post=5602"}],"wp:featuredmedia":[{"embeddable":true,"href":"https:\/\/paracerrajeros.com\/index.php\/wp-json\/wp\/v2\/media\/5605"}],"wp:attachment":[{"href":"https:\/\/paracerrajeros.com\/index.php\/wp-json\/wp\/v2\/media?parent=5602"}],"wp:term":[{"taxonomy":"brand","embeddable":true,"href":"https:\/\/paracerrajeros.com\/index.php\/wp-json\/wp\/v2\/etheme_brands?post=5602"},{"taxonomy":"product_cat","embeddable":true,"href":"https:\/\/paracerrajeros.com\/index.php\/wp-json\/wp\/v2\/product_cat?post=5602"},{"taxonomy":"product_tag","embeddable":true,"href":"https:\/\/paracerrajeros.com\/index.php\/wp-json\/wp\/v2\/product_tag?post=5602"}],"curies":[{"name":"wp","href":"https:\/\/api.w.org\/{rel}","templated":true}]}}